{"id":138,"date":"2025-08-21T09:37:21","date_gmt":"2025-08-21T09:37:21","guid":{"rendered":"https:\/\/neu.ruthpriese.de\/?page_id=138"},"modified":"2025-09-20T12:33:35","modified_gmt":"2025-09-20T12:33:35","slug":"kontakt","status":"publish","type":"page","link":"https:\/\/neu.ruthpriese.de\/index.php\/kontakt\/","title":{"rendered":"Kontakt"},"content":{"rendered":"\n<p><strong>Ruth Priese<\/strong><br>H\u00e4mmerlingstra\u00dfe 95, 12555 Berlin<br><strong>Telefon:<\/strong>\u00a0<strong>030\u00a06574230<\/strong>\u00a0bei sehr kurzfristigen Absagen:\u00a0<strong>0176 7228 6472<\/strong><br><strong>E-Mail:\u00a0<a href=\"mailto:ruthpriese@gmx.de\" target=\"_blank\" rel=\"noreferrer noopener\">ruthpriese@gmx.de<\/a>, <\/strong><br><a href=\"http:\/\/www.ruthpriese.de\">www.ruthpriese.de<\/a><br><br>Die Beratungen finden im &#8222;Familienzentrum Mahlsdorf &#8220; statt:\u00a0<br>12623 Berlin, H\u00f6nowerstr. 67 (Eingang vom Hof aus, 2. Klingel links, <br>dann 2 Treppen )<br><br>Ein gleichwertiges Angebot auch in diesen R\u00e4umen &#8211; mit entsprechender Qualifizierung h\u00e4lt die ehemalige Babylotsin\u00a0<br><strong>Leonore Schicktanz <\/strong>bereit: <strong>Tel. pr. 560 459 52<\/strong>.\u00a0<\/p>\n","protected":false},"excerpt":{"rendered":"<p>Ruth PrieseH\u00e4mmerlingstra\u00dfe 95, 12555 BerlinTelefon:\u00a0030\u00a06574230\u00a0bei sehr kurzfristigen Absagen:\u00a00176 7228 6472E-Mail:\u00a0ruthpriese@gmx.de, www.ruthpriese.de Die Beratungen finden im &#8222;Familienzentrum Mahlsdorf &#8220; statt:\u00a012623 Berlin, H\u00f6nowerstr. 67 (Eingang vom Hof aus, 2. Klingel links, dann 2 Treppen ) Ein gleichwertiges Angebot auch in diesen R\u00e4umen &#8211; mit entsprechender Qualifizierung h\u00e4lt die ehemalige Babylotsin\u00a0Leonore Schicktanz bereit: Tel. pr. 560 459 52.\u00a0<\/p>\n","protected":false},"author":1,"featured_media":0,"parent":0,"menu_order":0,"comment_status":"closed","ping_status":"closed","template":"","meta":{"footnotes":""},"class_list":["post-138","page","type-page","status-publish","hentry"],"_links":{"self":[{"href":"https:\/\/neu.ruthpriese.de\/index.php\/wp-json\/wp\/v2\/pages\/138","targetHints":{"allow":["GET"]}}],"collection":[{"href":"https:\/\/neu.ruthpriese.de\/index.php\/wp-json\/wp\/v2\/pages"}],"about":[{"href":"https:\/\/neu.ruthpriese.de\/index.php\/wp-json\/wp\/v2\/types\/page"}],"author":[{"embeddable":true,"href":"https:\/\/neu.ruthpriese.de\/index.php\/wp-json\/wp\/v2\/users\/1"}],"replies":[{"embeddable":true,"href":"https:\/\/neu.ruthpriese.de\/index.php\/wp-json\/wp\/v2\/comments?post=138"}],"version-history":[{"count":13,"href":"https:\/\/neu.ruthpriese.de\/index.php\/wp-json\/wp\/v2\/pages\/138\/revisions"}],"predecessor-version":[{"id":676,"href":"https:\/\/neu.ruthpriese.de\/index.php\/wp-json\/wp\/v2\/pages\/138\/revisions\/676"}],"wp:attachment":[{"href":"https:\/\/neu.ruthpriese.de\/index.php\/wp-json\/wp\/v2\/media?parent=138"}],"curies":[{"name":"wp","href":"https:\/\/api.w.org\/{rel}","templated":true}]}}