{"id":269,"date":"2025-08-24T15:29:55","date_gmt":"2025-08-24T15:29:55","guid":{"rendered":"https:\/\/neu.ruthpriese.de\/?page_id=269"},"modified":"2025-08-28T14:11:58","modified_gmt":"2025-08-28T14:11:58","slug":"ausgewaehlte-eigene-texte-einnerung-an-sachsenhausen-im-august-2016","status":"publish","type":"page","link":"https:\/\/neu.ruthpriese.de\/index.php\/ausgewaehlte-eigene-texte-einnerung-an-sachsenhausen-im-august-2016\/","title":{"rendered":"AUSGEW\u00c4HLTE EIGENE TEXTE"},"content":{"rendered":"\n<h3 class=\"wp-block-heading\" style=\"text-transform:uppercase\">Einnerung an Sachsenhausen im August 2016<\/h3>\n\n\n\n<p><br>Der Enkelsohn einer Freundin f\u00fchrt als Student regelm\u00e4\u00dfig Gruppen &#8211; besonders solche von Sch\u00fclerinnen und Sch\u00fclern &#8211; durch die Gedenkst\u00e4tte KZ Sachsenhausen. Da ich als Berlinerin zu meiner Schande noch nie dort gewesen bin, zog es mich, eine F\u00fchrung mit ihm mitzuerleben und ich verabredete mich mit ihm.<br>Nun war es so weit:\u00a0<br>Der junge Mann stieg nach einer kurzen Begr\u00fc\u00dfung und Vorstellung sowie nach einem Ermahnen der Jugendlichen, dass sie sich hier auf einem Friedhof bef\u00e4nden, schnell in die Infos \u00fcber die historischen Fakten der Errichtung dieses Lagers, seinen &#8222;Zweck&#8220; und in alle die schrecklichen Ereignisse und Greuel ein, die sich hier ereignet haben. An wichtigen Orten des Gel\u00e4ndes wie z. B. dem gef\u00fcrchteten Bau f\u00fcr die SS-M\u00e4nner genau gegen\u00fcber des Eingangs in das sternf\u00f6rmig angelegte Areal der Baracken, vor dem &#8222;Apellplatz&#8220;, neben der Baracke, die noch erhalten ist und welche wir uns ansehen konnten, am Krematorium und an dem Barackenort mit der Genickschu\u00dfanlage und den Fotos der dort ermordeten russischen Gefangenen &#8211; &#8211; &#8211; &#8211; machte er Halt und berichtete von weiteren erschreckenden Details des Alltags im Lager. Er fragte die Jugendlichen immer wieder nach ihren Kenntnissen. Und einige von ihnen antworteten brav.<br>Nach solchen 2 Stunden bedankte er sich f\u00fcr die Aufmerksamkeit und verabschiedete sich von der Gruppe mit Lehrerin.<br>Ich blieb noch mit ihm im Gespr\u00e4ch und er war bereit dazu. Ich dr\u00fcckte meine Hilflosigkeit aus, fragte ihn, ob er von meinen Gedanken etwas wissen m\u00f6chte. > Ja. Ich sagte, ich habe nur eine einzige Frage nach dem emotionalen Ergehen der jungen Menschen w\u00e4hrend der F\u00fchrung und im Angesicht dieser Pl\u00e4tze des Grauens vermisst, einen wenigstens kurzen Einstieg in die emotionale Ebene unserer Gehirne &#8211; &#8211;\u00a0 und an bestimmten Orten ein kurzes Innehalten &#8211; ohne Worte &#8211; , ein Innehalten des gemeinsamen Gedenkens an die Ermordeten.\u00a0 Und ich schlug ihm vor, dass die Gruppen nach den F\u00fchrungen doch bitte Gelegenheit bekommen sollten, sitzend und entspannt &#8211; \u00fcber ihre Gef\u00fchle und Eindr\u00fccke sprechen zu k\u00f6nnen. (Diesen Wunsch hatte ich auch vor Jahren nach dem Besuch von &#8222;Topf und S\u00f6hne&#8220; in Erfurt, denn ich war ja vor drei Jahren in Auschwitz in einer Gruppe f\u00fcr 6 tage gewesen, in der wir nachmittags und abends unser Erleben und unsere eigenen famili\u00e4ren Bez\u00fcge mit den Anderen teilen konnten.) Und ich fragte ihn nach Zusammenh\u00e4ngen seines Engagement mit seiner eigenen Familie > er erz\u00e4hlte von seinen beiden Urgro\u00dfv\u00e4tern &#8211;.<br>Als der junge Mann mit seinem Fahrrad zum S-Bahnhof Oranienburg schon weg und die Gruppe der Jugendlichen lange wieder abgefahren waren, wartete ich auf den Bus zum Bahnhof neben einer jungen Frau in Beleitung spanischer Freunde und fragte sie nach ihren Eindr\u00fccken. Sie erz\u00e4hlte von tiefer Betrofffeneit. Das tat mir gut. Wir fuhren dann zusammen im Bus und trennten uns am Bahnhof.\u00a0<br>Im Regionalzug nach Berlin dann allein &#8211; endlich &#8211; konnten bei mir die Tr\u00e4nen ihren Lauf nehmen.<br><br><br><\/p>\n\n\n\n<p><a href=\"https:\/\/neu.ruthpriese.de\/index.php\/ausgewaehlte-eigene-texte-einnerung-an-sachsenhausen-im-august-2016\/\">zum Seitenanfang<\/a><\/p>\n\n\n\n<p><br><a href=\"https:\/\/neu.ruthpriese.de\/index.php\/ausgewaehlte-eigene-texte-uebersicht\/\">zur \u00dcbersicht<\/a><\/p>\n","protected":false},"excerpt":{"rendered":"<p>Einnerung an Sachsenhausen im August 2016 Der Enkelsohn einer Freundin f\u00fchrt als Student regelm\u00e4\u00dfig Gruppen &#8211; besonders solche von Sch\u00fclerinnen und Sch\u00fclern &#8211; durch die Gedenkst\u00e4tte KZ Sachsenhausen. Da ich als Berlinerin zu meiner Schande noch nie dort gewesen bin, zog es mich, eine F\u00fchrung mit ihm mitzuerleben und ich verabredete mich mit ihm.Nun war [&hellip;]<\/p>\n","protected":false},"author":1,"featured_media":0,"parent":0,"menu_order":0,"comment_status":"closed","ping_status":"closed","template":"","meta":{"footnotes":""},"class_list":["post-269","page","type-page","status-publish","hentry"],"_links":{"self":[{"href":"https:\/\/neu.ruthpriese.de\/index.php\/wp-json\/wp\/v2\/pages\/269","targetHints":{"allow":["GET"]}}],"collection":[{"href":"https:\/\/neu.ruthpriese.de\/index.php\/wp-json\/wp\/v2\/pages"}],"about":[{"href":"https:\/\/neu.ruthpriese.de\/index.php\/wp-json\/wp\/v2\/types\/page"}],"author":[{"embeddable":true,"href":"https:\/\/neu.ruthpriese.de\/index.php\/wp-json\/wp\/v2\/users\/1"}],"replies":[{"embeddable":true,"href":"https:\/\/neu.ruthpriese.de\/index.php\/wp-json\/wp\/v2\/comments?post=269"}],"version-history":[{"count":6,"href":"https:\/\/neu.ruthpriese.de\/index.php\/wp-json\/wp\/v2\/pages\/269\/revisions"}],"predecessor-version":[{"id":529,"href":"https:\/\/neu.ruthpriese.de\/index.php\/wp-json\/wp\/v2\/pages\/269\/revisions\/529"}],"wp:attachment":[{"href":"https:\/\/neu.ruthpriese.de\/index.php\/wp-json\/wp\/v2\/media?parent=269"}],"curies":[{"name":"wp","href":"https:\/\/api.w.org\/{rel}","templated":true}]}}