{"id":337,"date":"2025-08-26T19:39:02","date_gmt":"2025-08-26T19:39:02","guid":{"rendered":"https:\/\/neu.ruthpriese.de\/?page_id=337"},"modified":"2025-09-20T12:24:24","modified_gmt":"2025-09-20T12:24:24","slug":"impressum","status":"publish","type":"page","link":"https:\/\/neu.ruthpriese.de\/index.php\/impressum\/","title":{"rendered":"Impressum"},"content":{"rendered":"\n<p><strong>Betreiber der Internetseite<\/strong>:<\/p>\n\n\n\n<p>Name: Ruth Priese<\/p>\n\n\n\n<p>Anschrift: <\/p>\n\n\n\n<p>E- Mail: <a href=\"mailto:ruthpriese@gmx.de\">ruthpriese@gmx.de<\/a><\/p>\n\n\n\n<p>Telefon: 030-6574230<br>Umsatzsteuer-Identifikationsnummer:<br>Rechtsform:\u00a0(z.B. Einzelunternehmer)<br><br><strong>Verantwortlich f\u00fcr die Inhalte dieses Internetangebotes:<\/strong><br>Ruth Priese\u00a0\u00a0E-Mail:\u00a0<a href=\"mailto:ruthpriese@gmx.de\">ruthpriese@gmx.de<\/a><br><strong><br>Haftungshinweis:<\/strong><br>Trotz sorgf\u00e4ltiger inhaltlicher Kontrolle und \u00dcberpr\u00fcfung \u00fcbernehme ich keine Haftung f\u00fcr die Inhalte externer Links. F\u00fcr den Inhalt der verlinkten Seiten sind ausschlie\u00dflich deren Betreiber\/Inhaber verantwortlich.<br><\/p>\n\n\n\n<p>Das <strong>Urheberrecht<\/strong>, der auf dieser Website enthaltenen Daten, liegt bei der Autorin<br>Ruth Priese und ist gesetzlich gesch\u00fctzt.<\/p>\n\n\n\n<p>Autorin \u00bbDie Linde\u00ab: B\u00e4rbel Golinski<\/p>\n\n\n\n<p>Jegliche Weiterverwendung und Vervielf\u00e4ltigung der Bilder und Texte in elektronischer oder gedruckter Form \u2013 auch in Ausz\u00fcgen oder zum privaten Gebrauch \u2013 ohne ausdr\u00fcckliche schriftliche<br>Genehmigung durch die Autorin ist unzul\u00e4ssig.<\/p>\n\n\n\n<p><br><\/p>\n\n\n\n<p>Diese Website verwendet das Consent Tool &#8222;Real Cookie Banner&#8220;. Details zur Funktionsweise sind hier zu finden: <a href=\"https:\/\/devowl.io\/de\/rcb\/datenverarbeitung\/\" target=\"_blank\" rel=\"noreferrer noopener\">https:\/\/devowl.io\/de\/rcb\/datenverarbeitung\/<\/a>.<\/p>\n\n\n\n<p>(Rechtsgrundlagen f\u00fcr die Verarbeitung von personenbezogenen Daten in diesem Zusammenhang sind Art. 6 Abs. 1 lit. c DS-GVO und Art. 6 Abs. 1 lit. f DS-GVO. <\/p>\n\n\n\n<p>Die Bereitstellung der personenbezogenen Daten ist weder vertraglich vorgeschrieben noch f\u00fcr den Abschluss eines Vertrages notwendig. Sie sind nicht verpflichtet die personenbezogenen Daten bereitzustellen.)<\/p>\n","protected":false},"excerpt":{"rendered":"<p>Betreiber der Internetseite: Name: Ruth Priese Anschrift: E- Mail: ruthpriese@gmx.de Telefon: 030-6574230Umsatzsteuer-Identifikationsnummer:Rechtsform:\u00a0(z.B. Einzelunternehmer) Verantwortlich f\u00fcr die Inhalte dieses Internetangebotes:Ruth Priese\u00a0\u00a0E-Mail:\u00a0ruthpriese@gmx.deHaftungshinweis:Trotz sorgf\u00e4ltiger inhaltlicher Kontrolle und \u00dcberpr\u00fcfung \u00fcbernehme ich keine Haftung f\u00fcr die Inhalte externer Links. F\u00fcr den Inhalt der verlinkten Seiten sind ausschlie\u00dflich deren Betreiber\/Inhaber verantwortlich. Das Urheberrecht, der auf dieser Website enthaltenen Daten, liegt bei [&hellip;]<\/p>\n","protected":false},"author":1,"featured_media":0,"parent":0,"menu_order":0,"comment_status":"closed","ping_status":"closed","template":"","meta":{"footnotes":""},"class_list":["post-337","page","type-page","status-publish","hentry"],"_links":{"self":[{"href":"https:\/\/neu.ruthpriese.de\/index.php\/wp-json\/wp\/v2\/pages\/337","targetHints":{"allow":["GET"]}}],"collection":[{"href":"https:\/\/neu.ruthpriese.de\/index.php\/wp-json\/wp\/v2\/pages"}],"about":[{"href":"https:\/\/neu.ruthpriese.de\/index.php\/wp-json\/wp\/v2\/types\/page"}],"author":[{"embeddable":true,"href":"https:\/\/neu.ruthpriese.de\/index.php\/wp-json\/wp\/v2\/users\/1"}],"replies":[{"embeddable":true,"href":"https:\/\/neu.ruthpriese.de\/index.php\/wp-json\/wp\/v2\/comments?post=337"}],"version-history":[{"count":7,"href":"https:\/\/neu.ruthpriese.de\/index.php\/wp-json\/wp\/v2\/pages\/337\/revisions"}],"predecessor-version":[{"id":673,"href":"https:\/\/neu.ruthpriese.de\/index.php\/wp-json\/wp\/v2\/pages\/337\/revisions\/673"}],"wp:attachment":[{"href":"https:\/\/neu.ruthpriese.de\/index.php\/wp-json\/wp\/v2\/media?parent=337"}],"curies":[{"name":"wp","href":"https:\/\/api.w.org\/{rel}","templated":true}]}}